{"id":4463,"date":"2017-10-16T12:55:19","date_gmt":"2017-10-16T12:55:19","guid":{"rendered":"https:\/\/sheetmusicscanner.com\/startseite\/"},"modified":"2025-10-28T15:39:46","modified_gmt":"2025-10-28T15:39:46","slug":"startseite","status":"publish","type":"page","link":"https:\/\/sheetmusicscanner.com\/de\/","title":{"rendered":"Startseite"},"content":{"rendered":"<div class=\"hero-section\">\n<div>\n<div class=\"container\" style=\"width: 100% !important;\">\n<h1>Musiknoten im Nu scannen und anh\u00f6ren<\/h1>\n<h5>Gedruckte Noten mithilfe der Smartphone- oder Tablet-Kamera mit dem Notenblatt-Scanner im Handumdrehen einlesen und abspielen<\/h5>\n<\/div>\n<div class=\"hero-container container\">\n<div class=\"row\">\n<div class=\"col-sm-4\" style=\"text-align: left;\"><a href=\"https:\/\/itunes.apple.com\/app\/id884984324?mt=8&amp;uo=4&amp;ct=website&amp;at=10lHA9\"><img decoding=\"async\" loading=\"lazy\" class=\"badge\" src=\"\/wp-content\/uploads\/2025\/02\/badge_apple_de.png\" \/><\/a>\n<p class=\"p1\">Scannt gedruckte Noten mithilfe der Ger\u00e4tekamera und spielt sie ab.<\/p>\n<p class=\"p2\">Haben Sie sich je gefragt, wie sich ein interessant aussehendes Musikst\u00fcck tats\u00e4chlich anh\u00f6rt? Kein Problem mit dem Musiknoten-Scanner.<\/p>\n\n<\/div>\n<div class=\"col-sm-4\"><img decoding=\"async\" loading=\"lazy\" title=\"Sheet Music Scanner on iPhone - Screenshot\" src=\"\/wp-content\/uploads\/2025\/02\/iPhone@2x_de.png\" alt=\"Sheet Music Scanner on iPhone - Screenshot\" \/><\/div>\n<div class=\"col-sm-4\" style=\"text-align: right;\"><a href=\"https:\/\/play.google.com\/store\/apps\/details?id=com.xemsoft.sheetmusicscanner2&amp;pcampaignid=pcampaignidMKT-Other-global-all-co-prtnr-py-PartBadge-Mar2515-1\"><img decoding=\"async\" loading=\"lazy\" class=\"badge2\" src=\"\/wp-content\/uploads\/2025\/02\/badge_google_de.png\" alt=\"Jetzt bei Google Play\" \/><\/a>\n<p class=\"p3\" style=\"margin-top: -18px;\">Richten Sie einfach Ihr Smartphone oder Tablet auf das Blatt aus und lassen Sie die App die Noten f\u00fcr Sie abspielen. W\u00e4hlen Sie das Instrument und das Tempo aus und genie\u00dfen Sie die Musik!<\/p>\n<p class=\"p4\">Universale 2-f\u00fcr-1 iOS-App: iPhone \/ iPod touch und iPad \u2013 Sie erhalten den Musiknoten-Scanner f\u00fcr alle Ihre iOS-Ger\u00e4te zum Preis einer App.<\/p>\n\n<\/div>\n<\/div>\n<\/div>\n<\/div>\n<\/div>\n<div class=\"container section center-text\">\n<div class=\"row\">\n<div class=\"col-md-12\">\n<div class=\"section-title\">Wie es funktioniert<span class=\"section-subtitle\">Es nimmt nur ein paar Minuten Ihrer Zeit in Anspruch<\/span><\/div>\n<\/div>\n<div class=\"col-sm-4 how-it-works\"><img decoding=\"async\" loading=\"lazy\" class=\"section-circle\" src=\"\/wp-content\/uploads\/2017\/10\/phone-icon.svg\" \/>\n<span class=\"feature-title\">Auf dem Smartphone oder Tablet<\/span>Starten Sie die Musiknoten-Scanner-App.<\/div>\n<div class=\"col-sm-4 how-it-works\"><img decoding=\"async\" loading=\"lazy\" class=\"section-circle\" src=\"\/wp-content\/uploads\/2017\/10\/scan-icon.svg\" \/>\n<span class=\"feature-title\">Scannen<\/span>Richten Sie Ihr Ger\u00e4t auf das Blatt aus und nehmen Sie ein Foto auf. Oder \u00f6ffnen Sie ein PDF oder eine Bilddatei.<\/div>\n<div class=\"col-sm-4\"><img decoding=\"async\" loading=\"lazy\" class=\"section-circle\" src=\"\/wp-content\/uploads\/2017\/10\/play-icon.svg\" \/>\n<span class=\"feature-title\">Abspielen<\/span>W\u00e4hlen Sie ein Instrument und das Tempo aus und lassen Sie die App die Noten f\u00fcr Sie abspielen.<\/div>\n<\/div>\n<\/div>\n<div class=\"grey-background\">\n<div class=\"container section\">\n<div class=\"row\">\n<div class=\"col-md-12\">\n<div class=\"section-title\">Funktionen<\/div>\n<div class=\"screenshot\"><img decoding=\"async\" loading=\"lazy\" title=\"Sheet Music Scanner on iPhone 7 - Screenshot\" src=\"\/wp-content\/uploads\/2025\/02\/iPhone7-img@2x_de.png\" alt=\"Sheet Music Scanner on iPhone 7 - Screenshot\" \/><\/div>\n<p class=\"check-icon\">Scannen des gesamten Notenblatts mit der Kamera Ihres Ger\u00e4ts<\/p>\n<p class=\"check-icon\">Scannen und Abspielen aus Bildern Ihres Fotoarchivs oder von einem PDF<\/p>\n<p class=\"check-icon\">Von beliebigen Stellen im Lied aus abspielen: Einfach einen Takt antippen<\/p>\n<p class=\"check-icon\">Noten und Symbole werden beim Abspielen hervorgehoben<\/p>\n<p class=\"check-icon\">Unterst\u00fctzt gleichzeitiges Spielen zweier oder mehrerer Stimmen, z. B. beide Klavierh\u00e4nde zur selben Zeit oder alle Chorstimmen<\/p>\n<p class=\"check-icon\">Unterst\u00fctzt separates Spielen einzelner Notenzeilen, z. B. rechte oder linke Klavierhand<\/p>\n<p class=\"check-icon\">Unterst\u00fctzt mehrere Seiten<\/p>\n<p class=\"check-icon\">\u00c4ndern der Standardtonh\u00f6he je nach Instrument von 440Hz zu 380-480 Hz<\/p>\n<p class=\"check-icon\">Geeignet f\u00fcr Tempi zwischen 50 und 330 bpm (Beats per Minute)<\/p>\n<p class=\"check-icon\">Geeignet f\u00fcr: Akkordeon, Akustikbass, Altsaxophon, Banjo, Blockfl\u00f6te, Bratsche, Celesta, Cello, Chor, Clean, Distortion, Dudelsack, E-Bass, Glockenspiel, Harfe, Klarinette, klassische Gitarre, Klavier, Kontrabass, Mandoline, Marimba, Oboe,\nOrgel (Schlag, Pfeifen, Rohrblatt, Rock, Tonrad), Posaune, Querfl\u00f6te, Tenorsaxophon, Trompete, Tuba, Vibraphon, Violine, Waldhorn, Xylophon<\/p>\n<p class=\"check-icon\">Unterst\u00fctzt die tats\u00e4chliche Tonh\u00f6he transponierender Instrumente<\/p>\n<p class=\"check-icon\">Unterst\u00fctzt Tonh\u00f6hen\u00e4nderung \/ Transposition um Halbt\u00f6ne bis zu 2 Oktaven nach oben oder nach unten<\/p>\n<p class=\"check-icon\">Liest und erkennt die folgenden Notenschriftsymbole f\u00fcr Melodie, Harmonik und Rhythmus: Violin-, Bass- und Altschl\u00fcssel (Viola), Noten, Punktierung, Pausen und Akzidentien<\/p>\n<p class=\"check-icon\">Erkennt verbundene Noten<\/p>\n<p class=\"check-icon\">Bilddateiimport. Alle g\u00e4ngigen Bilddateitypen werden unterst\u00fctzt: PNG, JPG, TIFF usw.*<\/p>\n<p class=\"check-icon\">Aus PDF importieren*<\/p>\n<p class=\"check-icon\">Exportm\u00f6glichkeiten: MIDI, MusicXML, Audio (M4A \/ AAC, MP3, WAV), PDF zu Cloud-Speichern*, direkt zu anderen Apps oder via AirDrop<\/p>\n<p class=\"notes\">* Hinweis zum Exportieren \/ Importieren: Alle g\u00e4ngigen Cloud-Speicher werden unterst\u00fctzt: iCloud, Dropbox, Google Drive, OneDrive usw. Beachten Sie jedoch, dass dazu die entsprechende Cloud-Speicher-App installiert sein muss.<\/p>\n\n<\/div>\n<\/div>\n<\/div>\n<\/div>\n<div class=\"container section\">\n<div class=\"row\">\n<div class=\"col-md-12\">\n<div class=\"section-title-smaller\">Einschr\u00e4nkungen<\/div>\n<p class=\"check-icon\">Kann nur gedruckte Noten lesen, keine handschriftlichen oder nachgeahmten Aufzeichnungen.<\/p>\n<p class=\"check-icon\">Folgende Symbole werden momentan nicht unterst\u00fctzt: Coda, Schlagzeugnotation, Dynamik, Doppelkreuz, Doppel-b und Vorschlagsnoten. Diese sind jedoch f\u00fcr k\u00fcnftige Updates vorgesehen.<\/p>\n<p class=\"check-icon\">Verwenden Sie qualitativ hochwertig gedruckte Noten und nehmen Sie die Fotos in ausreichend gutem Licht auf, wenn Sie mithilfe Ihrer Kamera scannen, um die besten Ergebnisse zu erzielen.<\/p>\n<p class=\"check-icon\">\u00c4ltere Drucke und ungew\u00f6hnliche Zeichens\u00e4tzen sind unter Umst\u00e4nden nicht ablesbar.<\/p>\n<p class=\"notes\">Sofern Sie auf Probleme sto\u00dfen, kontaktieren Sie bitte unseren Kundensupport: <a href=\"#\">support@sheetmusicscanner.com<\/a><\/p>\n\n<\/div>\n<\/div>\n<\/div>\n<div class=\"container section\">\n<div class=\"row\">\n<div class=\"col-md-12\">\n<div class=\"section-title-smaller\">Anforderungen<\/div>\n<p class=\"check-icon\">Verwenden Sie qualitativ hochwertig gedruckte Notenbl\u00e4tter und nehmen Sie die Fotos in ausreichend gutem Licht auf, wenn Sie mithilfe Ihrer Kamera scannen, um die besten Ergebnisse zu erzielen. Die empfohlene Aufl\u00f6sung zum Scannen aus einer\nDatei betr\u00e4gt 300 dpi in Graufstufen oder 8\u201312 MPx pro Seite.<\/p>\n<p class=\"check-icon\">Mindestempfehlung f\u00fcr iOS-Ger\u00e4te: iPhone 6, iPad Air, iPad Mini 2<\/p>\n\n<\/div>\n<\/div>\n<\/div>\n<div class=\"grey-background\">\n<div class=\"container section\">\n<div class=\"row\">\n<div class=\"col-md-12\">\n<ul class=\"social-icon-section\">\n \t<li><a href=\"https:\/\/www.facebook.com\/sharer\/sharer.php?u=https:\/\/www.sheetmusicscanner.com\" target=\"_blank\" rel=\"noopener\"><img decoding=\"async\" loading=\"lazy\" src=\"\/wp-content\/uploads\/2017\/10\/facebook-icon.svg\" \/><\/a><\/li>\n \t<li><a href=\"http:\/\/twitter.com\/share?url=https:\/\/www.sheetmusicscanner.com&amp;text=Sheet%20Music%20Scanner\" target=\"_blank\" rel=\"noopener\"><img decoding=\"async\" loading=\"lazy\" src=\"\/wp-content\/uploads\/2017\/10\/twitter-icon.svg\" \/><\/a><\/li>\n \t<li><a href=\"https:\/\/plus.google.com\/share?url=https:\/\/www.sheetmusicscanner.com\" target=\"_blank\" rel=\"noopener\"><img decoding=\"async\" loading=\"lazy\" src=\"\/wp-content\/uploads\/2017\/10\/google-plus-icon.svg\" \/><\/a><\/li>\n \t<li><a href=\"http:\/\/reddit.com\/submit?url=https:\/\/www.sheetmusicscanner.com&amp;title=Sheet%20Music%20Scanner\" target=\"_blank\" rel=\"noopener\"><img decoding=\"async\" loading=\"lazy\" src=\"\/wp-content\/uploads\/2017\/10\/reddit-icon.svg\" \/><\/a><\/li>\n \t<li><a href=\"http:\/\/www.linkedin.com\/shareArticle?mini=true&amp;url=https:\/\/www.sheetmusicscanner.com\" target=\"_blank\" rel=\"noopener\"><img decoding=\"async\" loading=\"lazy\" src=\"\/wp-content\/uploads\/2017\/10\/linkedin-icon.svg\" \/><\/a><\/li>\n \t<li><a target=\"_blank\"><img decoding=\"async\" loading=\"lazy\" src=\"\/wp-content\/uploads\/2017\/10\/pinterest-icon.svg\" \/><\/a><\/li>\n \t<li><a href=\"mailto:?Subject=Sheet%20Music%20Scanner&amp;Body=Sheet%20Music%20Scanner%20http:\/\/www.sheetmusicscanner.com\" target=\"_blank\" rel=\"noopener\"><img decoding=\"async\" loading=\"lazy\" src=\"\/wp-content\/uploads\/2017\/10\/mail-icon.svg\" \/><\/a><\/li>\n<\/ul>\n<\/div>\n<\/div>\n<\/div>\n<\/div>","protected":false},"excerpt":{"rendered":"<p>Musiknoten im Nu scannen und anh\u00f6ren Gedruckte Noten mithilfe der Smartphone- oder Tablet-Kamera mit dem Notenblatt-Scanner im Handumdrehen einlesen und abspielen Scannt gedruckte Noten mithilfe der Ger\u00e4tekamera und spielt sie ab. Haben Sie sich je gefragt, wie sich ein interessant aussehendes Musikst\u00fcck tats\u00e4chlich anh\u00f6rt? Kein Problem mit dem Musiknoten-Scanner. Richten Sie einfach Ihr Smartphone oder &hellip; <\/p>\n<p class=\"link-more\"><a href=\"https:\/\/sheetmusicscanner.com\/de\/\" class=\"more-link\"><span class=\"screen-reader-text\">\u201eStartseite\u201c <\/span>weiterlesen<\/a><\/p>\n","protected":false},"author":4,"featured_media":0,"parent":0,"menu_order":0,"comment_status":"closed","ping_status":"closed","template":"","meta":{"nf_dc_page":"","footnotes":""},"class_list":["post-4463","page","type-page","status-publish","hentry"],"_links":{"self":[{"href":"https:\/\/sheetmusicscanner.com\/de\/wp-json\/wp\/v2\/pages\/4463","targetHints":{"allow":["GET"]}}],"collection":[{"href":"https:\/\/sheetmusicscanner.com\/de\/wp-json\/wp\/v2\/pages"}],"about":[{"href":"https:\/\/sheetmusicscanner.com\/de\/wp-json\/wp\/v2\/types\/page"}],"author":[{"embeddable":true,"href":"https:\/\/sheetmusicscanner.com\/de\/wp-json\/wp\/v2\/users\/4"}],"replies":[{"embeddable":true,"href":"https:\/\/sheetmusicscanner.com\/de\/wp-json\/wp\/v2\/comments?post=4463"}],"version-history":[{"count":6,"href":"https:\/\/sheetmusicscanner.com\/de\/wp-json\/wp\/v2\/pages\/4463\/revisions"}],"predecessor-version":[{"id":4554,"href":"https:\/\/sheetmusicscanner.com\/de\/wp-json\/wp\/v2\/pages\/4463\/revisions\/4554"}],"wp:attachment":[{"href":"https:\/\/sheetmusicscanner.com\/de\/wp-json\/wp\/v2\/media?parent=4463"}],"curies":[{"name":"wp","href":"https:\/\/api.w.org\/{rel}","templated":true}]}}