{"id":4479,"date":"2017-10-23T13:48:40","date_gmt":"2017-10-23T13:48:40","guid":{"rendered":"https:\/\/sheetmusicscanner.com\/kontakt\/"},"modified":"2017-10-23T13:48:40","modified_gmt":"2017-10-23T13:48:40","slug":"kontakt","status":"publish","type":"page","link":"https:\/\/sheetmusicscanner.com\/de\/kontakt\/","title":{"rendered":"Kontakt"},"content":{"rendered":"<div class=\"hero-section\">\r\n    <div>\r\n        <div class=\"container\">\r\n            <h1>Kontaktaufnahme<\/h1>\r\n            <br \/>\r\n        <\/div>\r\n    <\/div>\r\n<\/div>\r\n<div class=\"container section the-content\">\r\n    <div class=\"row\">\r\n        <p style=\"text-align: left;\">\r\n            Kontaktieren Sie mich, wenn Sie auf technische Probleme sto\u00dfen: <a href=\"mailto:support@sheetmusicscanner.com\" target=\"_blank\">support@sheetmusicscanner.com<\/a>\r\n            <br \/><br \/> Um derartige Probleme zu veranschaulichen, k\u00f6nnen Sie mir Fotos davon \u00fcber Filesharing-Dienste einreichen: Dropbox, OneDrive usw.\r\n        <\/p>\r\n    <\/div>\r\n<\/div>","protected":false},"excerpt":{"rendered":"<p>Kontaktaufnahme Kontaktieren Sie mich, wenn Sie auf technische Probleme sto\u00dfen: support@sheetmusicscanner.com Um derartige Probleme zu veranschaulichen, k\u00f6nnen Sie mir Fotos davon \u00fcber Filesharing-Dienste einreichen: Dropbox, OneDrive usw.<\/p>\n","protected":false},"author":4,"featured_media":0,"parent":0,"menu_order":0,"comment_status":"closed","ping_status":"closed","template":"content-other-pages.php","meta":{"nf_dc_page":"","footnotes":""},"class_list":["post-4479","page","type-page","status-publish","hentry"],"_links":{"self":[{"href":"https:\/\/sheetmusicscanner.com\/de\/wp-json\/wp\/v2\/pages\/4479","targetHints":{"allow":["GET"]}}],"collection":[{"href":"https:\/\/sheetmusicscanner.com\/de\/wp-json\/wp\/v2\/pages"}],"about":[{"href":"https:\/\/sheetmusicscanner.com\/de\/wp-json\/wp\/v2\/types\/page"}],"author":[{"embeddable":true,"href":"https:\/\/sheetmusicscanner.com\/de\/wp-json\/wp\/v2\/users\/4"}],"replies":[{"embeddable":true,"href":"https:\/\/sheetmusicscanner.com\/de\/wp-json\/wp\/v2\/comments?post=4479"}],"version-history":[{"count":0,"href":"https:\/\/sheetmusicscanner.com\/de\/wp-json\/wp\/v2\/pages\/4479\/revisions"}],"wp:attachment":[{"href":"https:\/\/sheetmusicscanner.com\/de\/wp-json\/wp\/v2\/media?parent=4479"}],"curies":[{"name":"wp","href":"https:\/\/api.w.org\/{rel}","templated":true}]}}